{"id":13229,"date":"2019-07-15T12:11:37","date_gmt":"2019-07-15T10:11:37","guid":{"rendered":"http:\/\/sc.smallcodes.com\/?page_id=13229"},"modified":"2019-08-01T09:38:14","modified_gmt":"2019-08-01T07:38:14","slug":"manifesto","status":"publish","type":"page","link":"https:\/\/smallcodes.com\/index.php\/manifesto\/","title":{"rendered":"Manifesto"},"content":{"rendered":"<div class=\"fusion-fullwidth fullwidth-box fusion-builder-row-1 fusion-parallax-none nonhundred-percent-fullwidth non-hundred-percent-height-scrolling\" style=\"--awb-border-radius-top-left:0px;--awb-border-radius-top-right:0px;--awb-border-radius-bottom-right:0px;--awb-border-radius-bottom-left:0px;--awb-padding-top:0px;--awb-padding-right:0px;--awb-padding-bottom:0px;--awb-padding-left:0px;--awb-background-image:url(&quot;http:\/\/smallcodes.com\/wp-content\/uploads\/2019\/07\/sfondo_pergamena-683x1024.jpg&quot;);--awb-background-size:cover;--awb-flex-wrap:wrap;\" ><div class=\"fusion-builder-row fusion-row\"><div class=\"fusion-layout-column fusion_builder_column fusion-builder-column-0 fusion_builder_column_1_1 1_1 fusion-one-full fusion-column-first fusion-column-last\" style=\"--awb-padding-top:80px;--awb-bg-position:center top;--awb-bg-size:cover;\"><div class=\"fusion-column-wrapper fusion-flex-column-wrapper-legacy\"><div class=\"fusion-column-content-centered\"><div class=\"fusion-column-content\"><div class=\"fusion-text fusion-text-1\"><h2 style=\"text-align: center;\">Manifesto Smallcodes<\/h2>\n<\/div><div class=\"fusion-sep-clear\"><\/div><div class=\"fusion-separator\" style=\"margin-left: auto;margin-right: auto;margin-top:0px;margin-bottom:30px;width:100%;max-width:206px;\"><div class=\"fusion-separator-border sep-single sep-solid\" style=\"--awb-height:20px;--awb-amount:20px;border-color:#db68a9;border-top-width:2px;\"><\/div><\/div><div class=\"fusion-sep-clear\"><\/div><\/div><\/div><div class=\"fusion-clearfix\"><\/div><\/div><\/div><div class=\"fusion-layout-column fusion_builder_column fusion-builder-column-1 fusion_builder_column_1_6 1_6 fusion-one-sixth fusion-column-first\" style=\"--awb-bg-size:cover;width:16.666666666667%;width:calc(16.666666666667% - ( ( 4% + 4% ) * 0.16666666666667 ) );margin-right: 4%;\"><div class=\"fusion-column-wrapper fusion-flex-column-wrapper-legacy\"><div class=\"fusion-clearfix\"><\/div><\/div><\/div><div class=\"fusion-layout-column fusion_builder_column fusion-builder-column-2 fusion_builder_column_2_3 2_3 fusion-two-third\" style=\"--awb-bg-size:cover;width:66.666666666667%;width:calc(66.666666666667% - ( ( 4% + 4% ) * 0.66666666666667 ) );margin-right: 4%;\"><div class=\"fusion-column-wrapper fusion-flex-column-wrapper-legacy\"><div class=\"fusion-content-boxes content-boxes columns row fusion-columns-1 fusion-columns-total-7 fusion-content-boxes-1 content-boxes-icon-on-side content-left\" style=\"--awb-title-color:#444444;--awb-hover-accent-color:#097cbd;--awb-circle-hover-accent-color:#097cbd;--awb-item-margin-bottom:40px;\" data-animationOffset=\"top-into-view\"><div style=\"--awb-backgroundcolor:rgba(255,255,255,0);--awb-content-padding-left:60px;\" class=\"fusion-column content-box-column content-box-column content-box-column-1 col-lg-12 col-md-12 col-sm-12 fusion-content-box-hover content-box-column-last-in-row\"><div class=\"col content-box-wrapper content-wrapper link-area-link-icon icon-hover-animation-pulsate\" data-animationOffset=\"top-into-view\"><div class=\"heading heading-with-icon icon-left\"><div class=\"icon\"><i style=\"border-color:#333333;border-width:0px;background-color:#024e7e;box-sizing:content-box;height:40px;width:40px;line-height:40px;border-radius:70%;font-size:20px;\" aria-hidden=\"true\" class=\"fontawesome-icon fa fa-users circle-yes\"><\/i><\/div><h2 class=\"content-box-heading fusion-responsive-typography-calculated\" style=\"--h2_typography-font-size:18px;--fontSize:18;line-height:1.31;padding-left:60px;\">Crediamo che la diversit\u00e0 culturale sia un valore da difendere.<\/h2><\/div><\/div><\/div><div style=\"--awb-backgroundcolor:rgba(255,255,255,0);--awb-content-padding-left:60px;\" class=\"fusion-column content-box-column content-box-column content-box-column-2 col-lg-12 col-md-12 col-sm-12 fusion-content-box-hover content-box-column-last-in-row\"><div class=\"col content-box-wrapper content-wrapper link-area-link-icon icon-hover-animation-pulsate\" data-animationOffset=\"top-into-view\"><div class=\"heading heading-with-icon icon-left\"><div class=\"icon\"><i style=\"border-color:#333333;border-width:0px;background-color:#024e7e;box-sizing:content-box;height:40px;width:40px;line-height:40px;border-radius:70%;font-size:20px;\" aria-hidden=\"true\" class=\"fontawesome-icon fa fa-cogs circle-yes\"><\/i><\/div><h2 class=\"content-box-heading fusion-responsive-typography-calculated\" style=\"--h2_typography-font-size:18px;--fontSize:18;line-height:1.31;padding-left:60px;\">Crediamo che una delle strategie concrete per la difesa delle culture tradizionali, minoritarie, indigene, sia quella di modernizzarle, tentando anche di salvarne alcune specificit\u00e0.<\/h2><\/div><\/div><\/div><div style=\"--awb-backgroundcolor:rgba(255,255,255,0);--awb-content-padding-left:60px;\" class=\"fusion-column content-box-column content-box-column content-box-column-3 col-lg-12 col-md-12 col-sm-12 fusion-content-box-hover content-box-column-last-in-row\"><div class=\"col content-box-wrapper content-wrapper link-area-link-icon icon-hover-animation-pulsate\" data-animationOffset=\"top-into-view\"><div class=\"heading heading-with-icon icon-left\"><div class=\"icon\"><i style=\"border-color:#333333;border-width:0px;background-color:#024e7e;box-sizing:content-box;height:40px;width:40px;line-height:40px;border-radius:70%;font-size:20px;\" aria-hidden=\"true\" class=\"fontawesome-icon fa fa-star circle-yes\"><\/i><\/div><h2 class=\"content-box-heading fusion-responsive-typography-calculated\" style=\"--h2_typography-font-size:18px;--fontSize:18;line-height:1.31;padding-left:60px;\">Crediamo che il folklorismo, e la laudatio temporis acti, cos\u00ec come i progetti che mirano soltanto al recupero degli aspetti della cultura tradizionale - allo scopo di esporla in qualche forma di museo - senza contemporaneamente dotare queste culture e queste comunit\u00e0 di strumenti propri per affrontare la modernit\u00e0, siano, in realt\u00e0, nemici (magari involontari e in buona fede) di queste culture minori.<\/h2><\/div><\/div><\/div><div style=\"--awb-backgroundcolor:rgba(255,255,255,0);--awb-content-padding-left:60px;\" class=\"fusion-column content-box-column content-box-column content-box-column-4 col-lg-12 col-md-12 col-sm-12 fusion-content-box-hover content-box-column-last-in-row\"><div class=\"col content-box-wrapper content-wrapper link-area-link-icon icon-hover-animation-pulsate\" data-animationOffset=\"top-into-view\"><div class=\"heading heading-with-icon icon-left\"><div class=\"icon\"><i style=\"border-color:#333333;border-width:0px;background-color:#024e7e;box-sizing:content-box;height:40px;width:40px;line-height:40px;border-radius:70%;font-size:20px;\" aria-hidden=\"true\" class=\"fontawesome-icon fa fa-pencil circle-yes\"><\/i><\/div><h2 class=\"content-box-heading fusion-responsive-typography-calculated\" style=\"--h2_typography-font-size:18px;--fontSize:18;line-height:1.31;padding-left:60px;\">Crediamo che ogni progetto serio di difesa culturale debba partire dalla difesa della lingua; e che la modernizzazione debba passare attraverso una forma scritta, il pi\u00f9 possibile coerente e condivisa.<\/h2><\/div><\/div><\/div><div style=\"--awb-backgroundcolor:rgba(255,255,255,0);--awb-content-padding-left:60px;\" class=\"fusion-column content-box-column content-box-column content-box-column-5 col-lg-12 col-md-12 col-sm-12 fusion-content-box-hover content-box-column-last-in-row\"><div class=\"col content-box-wrapper content-wrapper link-area-link-icon icon-hover-animation-pulsate\" data-animationOffset=\"top-into-view\"><div class=\"heading heading-with-icon icon-left\"><div class=\"icon\"><i style=\"border-color:#333333;border-width:0px;background-color:#024e7e;box-sizing:content-box;height:40px;width:40px;line-height:40px;border-radius:70%;font-size:20px;\" aria-hidden=\"true\" class=\"fontawesome-icon fa fa-mobile circle-yes\"><\/i><\/div><h2 class=\"content-box-heading fusion-responsive-typography-calculated\" style=\"--h2_typography-font-size:18px;--fontSize:18;line-height:1.31;padding-left:60px;\">Crediamo che le tecnologie digitali possano contribuire in modo decisivo al processo di modernizzazione linguistica e a quello della promozione e diffusione presso le generazioni pi\u00f9 giovani.<\/h2><\/div><\/div><\/div><div style=\"--awb-backgroundcolor:rgba(255,255,255,0);--awb-content-padding-left:60px;\" class=\"fusion-column content-box-column content-box-column content-box-column-6 col-lg-12 col-md-12 col-sm-12 fusion-content-box-hover content-box-column-last-in-row\"><div class=\"col content-box-wrapper content-wrapper link-area-link-icon icon-hover-animation-pulsate\" data-animationOffset=\"top-into-view\"><div class=\"heading heading-with-icon icon-left\"><div class=\"icon\"><i style=\"border-color:#333333;border-width:0px;background-color:#024e7e;box-sizing:content-box;height:40px;width:40px;line-height:40px;border-radius:70%;font-size:20px;\" aria-hidden=\"true\" class=\"fontawesome-icon fa fa-comments circle-yes\"><\/i><\/div><h2 class=\"content-box-heading fusion-responsive-typography-calculated\" style=\"--h2_typography-font-size:18px;--fontSize:18;line-height:1.31;padding-left:60px;\">Crediamo che da un punto di vista tecnologico sia necessario il pi\u00f9 alto grado possibile di uniformit\u00e0 negli standard di memorizzazione, salvataggio di testi, formati di banche-dati. Questo per garantire una \u201clunga vita elettronica\u201d alle risorse linguistiche e per permettere un reale e facile scambio di informazioni, risorse, tecnologie.<\/h2><\/div><\/div><\/div><div style=\"--awb-backgroundcolor:rgba(255,255,255,0);--awb-content-padding-left:60px;\" class=\"fusion-column content-box-column content-box-column content-box-column-7 col-lg-12 col-md-12 col-sm-12 fusion-content-box-hover content-box-column-last content-box-column-last-in-row\"><div class=\"col content-box-wrapper content-wrapper link-area-link-icon icon-hover-animation-pulsate\" data-animationOffset=\"top-into-view\"><div class=\"heading heading-with-icon icon-left\"><div class=\"icon\"><i style=\"border-color:#333333;border-width:0px;background-color:#024e7e;box-sizing:content-box;height:40px;width:40px;line-height:40px;border-radius:70%;font-size:20px;\" aria-hidden=\"true\" class=\"fontawesome-icon fa fa-globe circle-yes\"><\/i><\/div><h2 class=\"content-box-heading fusion-responsive-typography-calculated\" style=\"--h2_typography-font-size:18px;--fontSize:18;line-height:1.31;padding-left:60px;\">Crediamo che le conoscenze debbano avere la pi\u00f9 ampia circolazione possibile, e che in nessun senso si debba limitare l\u2019accesso al patrimonio culturale dell\u2019umanit\u00e0; e questo in particolare per le risorse linguistiche, essendo forse proprio il linguaggio la caratteristica pi\u00f9 distintiva dell\u2019essere umano.<\/h2><\/div><\/div><\/div><div class=\"fusion-clearfix\"><\/div><\/div><div class=\"fusion-clearfix\"><\/div><\/div><\/div><div class=\"fusion-layout-column fusion_builder_column fusion-builder-column-3 fusion_builder_column_1_6 1_6 fusion-one-sixth fusion-column-last\" style=\"--awb-bg-size:cover;width:16.666666666667%;width:calc(16.666666666667% - ( ( 4% + 4% ) * 0.16666666666667 ) );\"><div class=\"fusion-column-wrapper fusion-flex-column-wrapper-legacy\"><div class=\"fusion-clearfix\"><\/div><\/div><\/div><\/div><\/div>\n","protected":false},"excerpt":{"rendered":"","protected":false},"author":4,"featured_media":0,"parent":0,"menu_order":0,"comment_status":"closed","ping_status":"closed","template":"100-width.php","meta":{"footnotes":""},"class_list":["post-13229","page","type-page","status-publish","hentry"],"_links":{"self":[{"href":"https:\/\/smallcodes.com\/index.php\/wp-json\/wp\/v2\/pages\/13229","targetHints":{"allow":["GET"]}}],"collection":[{"href":"https:\/\/smallcodes.com\/index.php\/wp-json\/wp\/v2\/pages"}],"about":[{"href":"https:\/\/smallcodes.com\/index.php\/wp-json\/wp\/v2\/types\/page"}],"author":[{"embeddable":true,"href":"https:\/\/smallcodes.com\/index.php\/wp-json\/wp\/v2\/users\/4"}],"replies":[{"embeddable":true,"href":"https:\/\/smallcodes.com\/index.php\/wp-json\/wp\/v2\/comments?post=13229"}],"version-history":[{"count":26,"href":"https:\/\/smallcodes.com\/index.php\/wp-json\/wp\/v2\/pages\/13229\/revisions"}],"predecessor-version":[{"id":14264,"href":"https:\/\/smallcodes.com\/index.php\/wp-json\/wp\/v2\/pages\/13229\/revisions\/14264"}],"wp:attachment":[{"href":"https:\/\/smallcodes.com\/index.php\/wp-json\/wp\/v2\/media?parent=13229"}],"curies":[{"name":"wp","href":"https:\/\/api.w.org\/{rel}","templated":true}]}}